{"id":5287,"date":"2021-08-02T14:35:18","date_gmt":"2021-08-02T17:35:18","guid":{"rendered":"http:\/\/www.valedoivai.com.br\/site\/?page_id=5287"},"modified":"2021-08-23T16:22:54","modified_gmt":"2021-08-23T19:22:54","slug":"nossa-gente","status":"publish","type":"page","link":"http:\/\/www.valedoivai.com.br\/site\/?page_id=5287","title":{"rendered":"Nossa Gente"},"content":{"rendered":"\t\t<div data-elementor-type=\"wp-page\" data-elementor-id=\"5287\" class=\"elementor elementor-5287\" data-elementor-settings=\"[]\">\n\t\t\t\t\t\t\t<div class=\"elementor-section-wrap\">\n\t\t\t\t\t\t\t<section class=\"elementor-section elementor-top-section elementor-element elementor-element-ddb8255 elementor-section-boxed elementor-section-height-default elementor-section-height-default\" data-id=\"ddb8255\" data-element_type=\"section\">\n\t\t\t\t\t\t<div class=\"elementor-container elementor-column-gap-default\">\n\t\t\t\t\t<div class=\"elementor-column elementor-col-100 elementor-top-column elementor-element elementor-element-f41aa66\" data-id=\"f41aa66\" data-element_type=\"column\">\n\t\t\t<div class=\"elementor-widget-wrap elementor-element-populated\">\n\t\t\t\t\t\t\t\t<div class=\"elementor-element elementor-element-dacdebe elementor-widget elementor-widget-text-editor\" data-id=\"dacdebe\" data-element_type=\"widget\" data-widget_type=\"text-editor.default\">\n\t\t\t\t<div class=\"elementor-widget-container\">\n\t\t\t\t\t\t\t\t<p><strong><span style=\"color: #008000;\">NOSSA GENTE<br \/><\/span><\/strong><strong><span style=\"color: #ff0000;\">\u00af\u00af\u00af\u00af\u00af\u00af\u00af\u00af\u00af\u00af\u00af\u00af\u00af<\/span><\/strong><\/p>\t\t\t\t\t\t<\/div>\n\t\t\t\t<\/div>\n\t\t\t\t\t<\/div>\n\t\t<\/div>\n\t\t\t\t\t\t\t<\/div>\n\t\t<\/section>\n\t\t\t\t<section class=\"elementor-section elementor-top-section elementor-element elementor-element-8866b27 elementor-section-boxed elementor-section-height-default elementor-section-height-default\" data-id=\"8866b27\" data-element_type=\"section\">\n\t\t\t\t\t\t<div class=\"elementor-container elementor-column-gap-default\">\n\t\t\t\t\t<div class=\"elementor-column elementor-col-100 elementor-top-column elementor-element elementor-element-b769947\" data-id=\"b769947\" data-element_type=\"column\">\n\t\t\t<div class=\"elementor-widget-wrap elementor-element-populated\">\n\t\t\t\t\t\t\t\t<div class=\"elementor-element elementor-element-1eaef84 elementor-tabs-view-horizontal elementor-widget elementor-widget-tabs\" data-id=\"1eaef84\" data-element_type=\"widget\" data-widget_type=\"tabs.default\">\n\t\t\t\t<div class=\"elementor-widget-container\">\n\t\t\t\t\t<div class=\"elementor-tabs\">\n\t\t\t<div class=\"elementor-tabs-wrapper\" role=\"tablist\" >\n\t\t\t\t\t\t\t\t\t<div id=\"elementor-tab-title-3211\" class=\"elementor-tab-title elementor-tab-desktop-title\" aria-selected=\"true\" data-tab=\"1\" role=\"tab\" tabindex=\"0\" aria-controls=\"elementor-tab-content-3211\" aria-expanded=\"false\">Recursos Humanos<\/div>\n\t\t\t\t\t\t\t\t\t<div id=\"elementor-tab-title-3212\" class=\"elementor-tab-title elementor-tab-desktop-title\" aria-selected=\"false\" data-tab=\"2\" role=\"tab\" tabindex=\"-1\" aria-controls=\"elementor-tab-content-3212\" aria-expanded=\"false\">Responsabilidade Social<\/div>\n\t\t\t\t\t\t\t\t\t<div id=\"elementor-tab-title-3213\" class=\"elementor-tab-title elementor-tab-desktop-title\" aria-selected=\"false\" data-tab=\"3\" role=\"tab\" tabindex=\"-1\" aria-controls=\"elementor-tab-content-3213\" aria-expanded=\"false\">Seguran\u00e7a e Sa\u00fade do Trabalhador<\/div>\n\t\t\t\t\t\t\t<\/div>\n\t\t\t<div class=\"elementor-tabs-content-wrapper\" role=\"tablist\" aria-orientation=\"vertical\">\n\t\t\t\t\t\t\t\t\t<div class=\"elementor-tab-title elementor-tab-mobile-title\" aria-selected=\"true\" data-tab=\"1\" role=\"tab\" tabindex=\"0\" aria-controls=\"elementor-tab-content-3211\" aria-expanded=\"false\">Recursos Humanos<\/div>\n\t\t\t\t\t<div id=\"elementor-tab-content-3211\" class=\"elementor-tab-content elementor-clearfix\" data-tab=\"1\" role=\"tabpanel\" aria-labelledby=\"elementor-tab-title-3211\" tabindex=\"0\" hidden=\"false\"><p>A RENUKA VALE DO IVA\u00cd S\/A tem grande preocupa\u00e7\u00e3o com a seguran\u00e7a e a sa\u00fade do trabalhador, afinal s\u00e3o mais de 2600 vidas sob sua responsabilidade. Por isso, a Empresa mant\u00e9m uma equipe de profissionais habilitados, que supervisionam todo o trabalho dos funcion\u00e1rios, orientando e treinando quanto \u00e0 correta utiliza\u00e7\u00e3o dos equipamentos de prote\u00e7\u00e3o individual fornecidos pela empresa e realizando um trabalho preventivo de sa\u00fade ocupacional, atrav\u00e9s de palestras, distribui\u00e7\u00e3o de informativos e consultas individuais. S\u00e3o tamb\u00e9m realizadas campanhas de vacina\u00e7\u00e3o, como contra a gripe, t\u00e9tano, e outras.<br \/><br \/>Todos os empregos gerados pela RENUKA VALE DO IVA\u00cd S\/A, s\u00e3o reflexos das parcerias estrat\u00e9gicas mantidas pela empresa. Al\u00e9m de ser controladora da Ivaicana Agropecu\u00e1ria, a Vale do Iva\u00ed det\u00e9m 13,18 % do Pasa Opera\u00e7\u00f5es Portu\u00e1rias Ltda, 9,78% da CPA Trading e 8,3% da Oce\u00e2nica Terminal Portu\u00e1rio.<br \/><br \/>Todas estas parcerias garantem a competitividade dos seus produtos e uma posi\u00e7\u00e3o invej\u00e1vel da empresa no cen\u00e1rio nacional.<\/p><\/div>\n\t\t\t\t\t\t\t\t\t<div class=\"elementor-tab-title elementor-tab-mobile-title\" aria-selected=\"false\" data-tab=\"2\" role=\"tab\" tabindex=\"-1\" aria-controls=\"elementor-tab-content-3212\" aria-expanded=\"false\">Responsabilidade Social<\/div>\n\t\t\t\t\t<div id=\"elementor-tab-content-3212\" class=\"elementor-tab-content elementor-clearfix\" data-tab=\"2\" role=\"tabpanel\" aria-labelledby=\"elementor-tab-title-3212\" tabindex=\"0\" hidden=\"hidden\"><p>A pol\u00edtica social da Empresa objetiva a satisfa\u00e7\u00e3o e a qualidade de vida dos seus funcion\u00e1rios e da comunidade.<br \/><br \/>A gama de benef\u00edcios oferecidos pela Vale do Iva\u00ed compreende: * Plano de Sa\u00fade, com atendimento completo aos colaboradores e dependentes; * bolsas de estudos e transporte escolar para cursos superiores e t\u00e9cnicos, * um completo e moderno restaurante, onde s\u00e3o oferecidas aos colaboradores, refei\u00e7\u00f5es a um baixo custo e com acompanhamento de nutricionistas, * farm\u00e1cia e consult\u00f3rio odontol\u00f3gico pr\u00f3prios com atendimentos a pre\u00e7o de custo, al\u00e9m de uniforme e seguro de vida.<br \/><br \/>Atrav\u00e9s da Canapar, que em S\u00e3o Pedro do Iva\u00ed \u00e9 mantida atrav\u00e9s dos recolhimentos da Ivaicana e dos produtores de cana do munic\u00edpio, os colaboradores da \u00e1rea agr\u00edcola t\u00eam atendimento m\u00e9dico- ambulatorial, odontol\u00f3gico e farmac\u00eautico, distribui\u00e7\u00e3o do sorinho, que \u00e9 um composto de sais minerais que refresca e re-hidrata e o matinal que \u00e9 um suplemento alimentar composto de leite e aveia, enriquecido de vitaminas e sais minerais, al\u00e9m da distribui\u00e7\u00e3o da sopa no per\u00edodo de inverno.<br \/><br \/>A Vale do Iva\u00ed, preocupada com o futuro, desenvolve projetos sociais direcionados \u00e0 inf\u00e2ncia e adolesc\u00eancia, como o projeto Vale a Vida, desenvolvido atrav\u00e9s de parceria com a Pastoral da Crian\u00e7a, onde gestantes e rec\u00e9m-nascidos t\u00eam acompanhamento de profissionais e recebem o primeiro enxoval para o beb\u00ea e um manual de primeiros cuidados. A Brinquedoteca Vale Encantado, mantida atrav\u00e9s da parceria da Empresa com a Prefeitura Municipal, onde as crian\u00e7as da comunidade t\u00eam a oportunidade de passar momentos l\u00fadicos de alegria, com acompanhamento de pedagoga.<br \/><br \/>A empresa tamb\u00e9m se empenha na luta pela erradica\u00e7\u00e3o do trabalho infantil, participando na condu\u00e7\u00e3o dos trabalhos do CAIS ? Centro de Aprendizagem e Inclus\u00e3o Social, onde \u00e9 desenvolvido o PETI ? Programa de Erradica\u00e7\u00e3o do Trabalho Infantil, numa parceria entre a Empresa, a Prefeitura do munic\u00edpio e o Governo Federal. Neste programa, que atende a 200 crian\u00e7as e adolescentes, a Empresa est\u00e1 investindo aproximadamente R$ 400.000,00 na reforma e amplia\u00e7\u00e3o do espa\u00e7o f\u00edsico que disponibilizou para o desenvolvimento da jornada ampliada, al\u00e9m da aquisi\u00e7\u00e3o de todos os equipamentos necess\u00e1rios. Neste espa\u00e7o, tamb\u00e9m ser\u00e3o desenvolvidos outros projetos que tenham como objetivo a inclus\u00e3o social.<br \/><br \/>A Vale do Iva\u00ed, como uma empresa socialmente correta, publica anualmente o seu Balan\u00e7o Social, divulgando suas a\u00e7\u00f5es nas \u00e1reas social e ambiental. O que possibilitou a conquista do Selo Responsabilidade Social concedido pelo Ibase, e o reconhecimento pela Abrinq, como empresa amiga da crian\u00e7a.<\/p><\/div>\n\t\t\t\t\t\t\t\t\t<div class=\"elementor-tab-title elementor-tab-mobile-title\" aria-selected=\"false\" data-tab=\"3\" role=\"tab\" tabindex=\"-1\" aria-controls=\"elementor-tab-content-3213\" aria-expanded=\"false\">Seguran\u00e7a e Sa\u00fade do Trabalhador<\/div>\n\t\t\t\t\t<div id=\"elementor-tab-content-3213\" class=\"elementor-tab-content elementor-clearfix\" data-tab=\"3\" role=\"tabpanel\" aria-labelledby=\"elementor-tab-title-3213\" tabindex=\"0\" hidden=\"hidden\"><p>A Vale do Iva\u00ed tem grande preocupa\u00e7\u00e3o com a seguran\u00e7a e a sa\u00fade do trabalhador, afinal s\u00e3o mais de 2600 vidas sob sua responsabilidade. Por isso, a Empresa mant\u00e9m uma equipe de profissionais habilitados, que supervisionam todo o trabalho dos funcion\u00e1rios, orientando e treinando quanto \u00e0 correta utiliza\u00e7\u00e3o dos equipamentos de prote\u00e7\u00e3o individual fornecidos pela empresa e realizando um trabalho preventivo de sa\u00fade ocupacional, atrav\u00e9s de palestras, distribui\u00e7\u00e3o de informativos e consultas individuais. S\u00e3o tamb\u00e9m realizadas campanhas de vacina\u00e7\u00e3o, como contra a gripe, t\u00e9tano, e outras.<br \/><br \/>Todos os empregos gerados pela Vale do Iva\u00ed, s\u00e3o reflexos das parcerias estrat\u00e9gicas mantidas pela empresa. Al\u00e9m de ser controladora da Ivaicana Agropecu\u00e1ria, a Vale do Iva\u00ed det\u00e9m 13,18 % do Pasa Opera\u00e7\u00f5es Portu\u00e1rias Ltda, 9,78% da CPA Trading e 8,3% da Oce\u00e2nica Terminal Portu\u00e1rio.<br \/><br \/>Todas estas parcerias garantem a competitividade dos seus produtos e uma posi\u00e7\u00e3o invej\u00e1vel da empresa no cen\u00e1rio nacional.<\/p><\/div>\n\t\t\t\t\t\t\t<\/div>\n\t\t<\/div>\n\t\t\t\t<\/div>\n\t\t\t\t<\/div>\n\t\t\t\t\t<\/div>\n\t\t<\/div>\n\t\t\t\t\t\t\t<\/div>\n\t\t<\/section>\n\t\t\t\t\t\t<\/div>\n\t\t\t\t\t<\/div>\n\t\t","protected":false},"excerpt":{"rendered":"<p>NOSSA GENTE\u00af\u00af\u00af\u00af\u00af\u00af\u00af\u00af\u00af\u00af\u00af\u00af\u00af Recursos Humanos Responsabilidade Social Seguran\u00e7a e Sa\u00fade do Trabalhador Recursos Humanos A RENUKA VALE DO IVA\u00cd S\/A tem grande preocupa\u00e7\u00e3o com a seguran\u00e7a e a sa\u00fade do trabalhador, afinal s\u00e3o mais de 2600 vidas sob sua responsabilidade. Por isso, a Empresa mant\u00e9m uma equipe de profissionais habilitados, que supervisionam todo o trabalho dos &hellip;<\/p>\n<p class=\"read-more\"> <a class=\"\" href=\"http:\/\/www.valedoivai.com.br\/site\/?page_id=5287\"> <span class=\"screen-reader-text\">Nossa Gente<\/span> Leia mais &raquo;<\/a><\/p>\n","protected":false},"author":1,"featured_media":0,"parent":0,"menu_order":0,"comment_status":"closed","ping_status":"closed","template":"","meta":{"site-sidebar-layout":"no-sidebar","site-content-layout":"page-builder","ast-main-header-display":"","ast-hfb-above-header-display":"","ast-hfb-below-header-display":"","ast-hfb-mobile-header-display":"","site-post-title":"disabled","ast-breadcrumbs-content":"","ast-featured-img":"disabled","footer-sml-layout":"","theme-transparent-header-meta":"default","adv-header-id-meta":"","stick-header-meta":"","header-above-stick-meta":"","header-main-stick-meta":"","header-below-stick-meta":""},"_links":{"self":[{"href":"http:\/\/www.valedoivai.com.br\/site\/index.php?rest_route=\/wp\/v2\/pages\/5287"}],"collection":[{"href":"http:\/\/www.valedoivai.com.br\/site\/index.php?rest_route=\/wp\/v2\/pages"}],"about":[{"href":"http:\/\/www.valedoivai.com.br\/site\/index.php?rest_route=\/wp\/v2\/types\/page"}],"author":[{"embeddable":true,"href":"http:\/\/www.valedoivai.com.br\/site\/index.php?rest_route=\/wp\/v2\/users\/1"}],"replies":[{"embeddable":true,"href":"http:\/\/www.valedoivai.com.br\/site\/index.php?rest_route=%2Fwp%2Fv2%2Fcomments&post=5287"}],"version-history":[{"count":19,"href":"http:\/\/www.valedoivai.com.br\/site\/index.php?rest_route=\/wp\/v2\/pages\/5287\/revisions"}],"predecessor-version":[{"id":5884,"href":"http:\/\/www.valedoivai.com.br\/site\/index.php?rest_route=\/wp\/v2\/pages\/5287\/revisions\/5884"}],"wp:attachment":[{"href":"http:\/\/www.valedoivai.com.br\/site\/index.php?rest_route=%2Fwp%2Fv2%2Fmedia&parent=5287"}],"curies":[{"name":"wp","href":"https:\/\/api.w.org\/{rel}","templated":true}]}}