{"id":5304,"date":"2021-08-02T14:48:05","date_gmt":"2021-08-02T17:48:05","guid":{"rendered":"http:\/\/www.valedoivai.com.br\/site\/?page_id=5304"},"modified":"2025-12-30T10:45:18","modified_gmt":"2025-12-30T13:45:18","slug":"administracao","status":"publish","type":"page","link":"http:\/\/www.valedoivai.com.br\/site\/?page_id=5304","title":{"rendered":"Administra\u00e7\u00e3o"},"content":{"rendered":"\t\t<div data-elementor-type=\"wp-page\" data-elementor-id=\"5304\" class=\"elementor elementor-5304\" data-elementor-settings=\"[]\">\n\t\t\t\t\t\t\t<div class=\"elementor-section-wrap\">\n\t\t\t\t\t\t\t<section class=\"elementor-section elementor-top-section elementor-element elementor-element-6c3d3b7 elementor-section-boxed elementor-section-height-default elementor-section-height-default\" data-id=\"6c3d3b7\" data-element_type=\"section\">\n\t\t\t\t\t\t<div class=\"elementor-container elementor-column-gap-default\">\n\t\t\t\t\t<div class=\"elementor-column elementor-col-100 elementor-top-column elementor-element elementor-element-3163e06\" data-id=\"3163e06\" data-element_type=\"column\">\n\t\t\t<div class=\"elementor-widget-wrap elementor-element-populated\">\n\t\t\t\t\t\t\t\t<div class=\"elementor-element elementor-element-8faf53a elementor-widget elementor-widget-text-editor\" data-id=\"8faf53a\" data-element_type=\"widget\" data-widget_type=\"text-editor.default\">\n\t\t\t\t<div class=\"elementor-widget-container\">\n\t\t\t\t\t\t\t\t<p><strong><span style=\"color: #008000;\">ADMINISTRA\u00c7\u00c3O<\/span><br \/><span style=\"color: #ff0000;\">\u00af\u00af\u00af\u00af\u00af\u00af\u00af\u00af\u00af\u00af\u00af\u00af\u00af\u00af\u00af\u00af<\/span><\/strong><\/p>\t\t\t\t\t\t<\/div>\n\t\t\t\t<\/div>\n\t\t\t\t\t<\/div>\n\t\t<\/div>\n\t\t\t\t\t\t\t<\/div>\n\t\t<\/section>\n\t\t\t\t<section class=\"elementor-section elementor-top-section elementor-element elementor-element-4001aa6 elementor-section-boxed elementor-section-height-default elementor-section-height-default\" data-id=\"4001aa6\" data-element_type=\"section\">\n\t\t\t\t\t\t<div class=\"elementor-container elementor-column-gap-default\">\n\t\t\t\t\t<div class=\"elementor-column elementor-col-100 elementor-top-column elementor-element elementor-element-c63d1dd\" data-id=\"c63d1dd\" data-element_type=\"column\">\n\t\t\t<div class=\"elementor-widget-wrap elementor-element-populated\">\n\t\t\t\t\t\t\t\t<div class=\"elementor-element elementor-element-1bac053 elementor-tabs-view-horizontal elementor-widget elementor-widget-tabs\" data-id=\"1bac053\" data-element_type=\"widget\" data-widget_type=\"tabs.default\">\n\t\t\t\t<div class=\"elementor-widget-container\">\n\t\t\t\t\t<div class=\"elementor-tabs\">\n\t\t\t<div class=\"elementor-tabs-wrapper\" role=\"tablist\" >\n\t\t\t\t\t\t\t\t\t<div id=\"elementor-tab-title-2901\" class=\"elementor-tab-title elementor-tab-desktop-title\" aria-selected=\"true\" data-tab=\"1\" role=\"tab\" tabindex=\"0\" aria-controls=\"elementor-tab-content-2901\" aria-expanded=\"false\">CONSELHO DE ADMINISTRA\u00c7\u00c3O<\/div>\n\t\t\t\t\t\t\t\t\t<div id=\"elementor-tab-title-2902\" class=\"elementor-tab-title elementor-tab-desktop-title\" aria-selected=\"false\" data-tab=\"2\" role=\"tab\" tabindex=\"-1\" aria-controls=\"elementor-tab-content-2902\" aria-expanded=\"false\">DIRE\u00c7\u00c3O<\/div>\n\t\t\t\t\t\t\t\t\t<div id=\"elementor-tab-title-2903\" class=\"elementor-tab-title elementor-tab-desktop-title\" aria-selected=\"false\" data-tab=\"3\" role=\"tab\" tabindex=\"-1\" aria-controls=\"elementor-tab-content-2903\" aria-expanded=\"false\">GER\u00caNCIAS E COORDENA\u00c7\u00d5ES<\/div>\n\t\t\t\t\t\t\t<\/div>\n\t\t\t<div class=\"elementor-tabs-content-wrapper\" role=\"tablist\" aria-orientation=\"vertical\">\n\t\t\t\t\t\t\t\t\t<div class=\"elementor-tab-title elementor-tab-mobile-title\" aria-selected=\"true\" data-tab=\"1\" role=\"tab\" tabindex=\"0\" aria-controls=\"elementor-tab-content-2901\" aria-expanded=\"false\">CONSELHO DE ADMINISTRA\u00c7\u00c3O<\/div>\n\t\t\t\t\t<div id=\"elementor-tab-content-2901\" class=\"elementor-tab-content elementor-clearfix\" data-tab=\"1\" role=\"tabpanel\" aria-labelledby=\"elementor-tab-title-2901\" tabindex=\"0\" hidden=\"false\"><h5>CONSELHEIROS:<\/h5><ul><li>Vijendra Singh<\/li><li>Sanjai Kumar Singh<\/li><li>Munesh Pal<\/li><\/ul><\/div>\n\t\t\t\t\t\t\t\t\t<div class=\"elementor-tab-title elementor-tab-mobile-title\" aria-selected=\"false\" data-tab=\"2\" role=\"tab\" tabindex=\"-1\" aria-controls=\"elementor-tab-content-2902\" aria-expanded=\"false\">DIRE\u00c7\u00c3O<\/div>\n\t\t\t\t\t<div id=\"elementor-tab-content-2902\" class=\"elementor-tab-content elementor-clearfix\" data-tab=\"2\" role=\"tabpanel\" aria-labelledby=\"elementor-tab-title-2902\" tabindex=\"0\" hidden=\"hidden\"><h5>DIRETOR<\/h5><ul><li>Diretor &#8211; Munesh Pal<\/li><\/ul><h5>ASSESSORIA<\/h5><div class=\"elementor-column elementor-col-33 elementor-top-column elementor-element elementor-element-43f7a5b\" data-id=\"43f7a5b\" data-element_type=\"column\"><div class=\"elementor-widget-wrap elementor-element-populated\"><div class=\"elementor-element elementor-element-1ee1709 elementor-widget elementor-widget-text-editor\" data-id=\"1ee1709\" data-element_type=\"widget\" data-widget_type=\"text-editor.default\"><div class=\"elementor-widget-container\"><ul><li>Secret\u00e1ria \u2013 Silvana A. Camargo<\/li><\/ul><\/div><\/div><\/div><\/div><div class=\"elementor-column elementor-col-33 elementor-top-column elementor-element elementor-element-1237b2f\" data-id=\"1237b2f\" data-element_type=\"column\">\u00a0<\/div><\/div>\n\t\t\t\t\t\t\t\t\t<div class=\"elementor-tab-title elementor-tab-mobile-title\" aria-selected=\"false\" data-tab=\"3\" role=\"tab\" tabindex=\"-1\" aria-controls=\"elementor-tab-content-2903\" aria-expanded=\"false\">GER\u00caNCIAS E COORDENA\u00c7\u00d5ES<\/div>\n\t\t\t\t\t<div id=\"elementor-tab-content-2903\" class=\"elementor-tab-content elementor-clearfix\" data-tab=\"3\" role=\"tabpanel\" aria-labelledby=\"elementor-tab-title-2903\" tabindex=\"0\" hidden=\"hidden\"><ul><li>Agr\u00edcola &#8211; Ricardo Gon\u00e7alves de Paula<\/li><li>Industrial &#8211; Thiago de Lima Louzada<\/li><\/ul><\/div>\n\t\t\t\t\t\t\t<\/div>\n\t\t<\/div>\n\t\t\t\t<\/div>\n\t\t\t\t<\/div>\n\t\t\t\t\t<\/div>\n\t\t<\/div>\n\t\t\t\t\t\t\t<\/div>\n\t\t<\/section>\n\t\t\t\t\t\t<\/div>\n\t\t\t\t\t<\/div>\n\t\t","protected":false},"excerpt":{"rendered":"<p>ADMINISTRA\u00c7\u00c3O\u00af\u00af\u00af\u00af\u00af\u00af\u00af\u00af\u00af\u00af\u00af\u00af\u00af\u00af\u00af\u00af CONSELHO DE ADMINISTRA\u00c7\u00c3O DIRE\u00c7\u00c3O GER\u00caNCIAS E COORDENA\u00c7\u00d5ES CONSELHO DE ADMINISTRA\u00c7\u00c3O CONSELHEIROS: Vijendra Singh Sanjai Kumar Singh Munesh Pal DIRE\u00c7\u00c3O DIRETOR Diretor &#8211; Munesh Pal ASSESSORIA Secret\u00e1ria \u2013 Silvana A. Camargo \u00a0 GER\u00caNCIAS E COORDENA\u00c7\u00d5ES Agr\u00edcola &#8211; Ricardo Gon\u00e7alves de Paula Industrial &#8211; Thiago de Lima Louzada<\/p>\n","protected":false},"author":1,"featured_media":0,"parent":0,"menu_order":0,"comment_status":"closed","ping_status":"closed","template":"","meta":{"site-sidebar-layout":"no-sidebar","site-content-layout":"page-builder","ast-main-header-display":"","ast-hfb-above-header-display":"","ast-hfb-below-header-display":"","ast-hfb-mobile-header-display":"","site-post-title":"disabled","ast-breadcrumbs-content":"","ast-featured-img":"disabled","footer-sml-layout":"","theme-transparent-header-meta":"default","adv-header-id-meta":"","stick-header-meta":"","header-above-stick-meta":"","header-main-stick-meta":"","header-below-stick-meta":""},"_links":{"self":[{"href":"http:\/\/www.valedoivai.com.br\/site\/index.php?rest_route=\/wp\/v2\/pages\/5304"}],"collection":[{"href":"http:\/\/www.valedoivai.com.br\/site\/index.php?rest_route=\/wp\/v2\/pages"}],"about":[{"href":"http:\/\/www.valedoivai.com.br\/site\/index.php?rest_route=\/wp\/v2\/types\/page"}],"author":[{"embeddable":true,"href":"http:\/\/www.valedoivai.com.br\/site\/index.php?rest_route=\/wp\/v2\/users\/1"}],"replies":[{"embeddable":true,"href":"http:\/\/www.valedoivai.com.br\/site\/index.php?rest_route=%2Fwp%2Fv2%2Fcomments&post=5304"}],"version-history":[{"count":55,"href":"http:\/\/www.valedoivai.com.br\/site\/index.php?rest_route=\/wp\/v2\/pages\/5304\/revisions"}],"predecessor-version":[{"id":6074,"href":"http:\/\/www.valedoivai.com.br\/site\/index.php?rest_route=\/wp\/v2\/pages\/5304\/revisions\/6074"}],"wp:attachment":[{"href":"http:\/\/www.valedoivai.com.br\/site\/index.php?rest_route=%2Fwp%2Fv2%2Fmedia&parent=5304"}],"curies":[{"name":"wp","href":"https:\/\/api.w.org\/{rel}","templated":true}]}}