{"id":5356,"date":"2021-08-02T15:34:45","date_gmt":"2021-08-02T18:34:45","guid":{"rendered":"http:\/\/www.valedoivai.com.br\/site\/?page_id=5356"},"modified":"2021-08-16T13:42:50","modified_gmt":"2021-08-16T16:42:50","slug":"links-externos","status":"publish","type":"page","link":"http:\/\/www.valedoivai.com.br\/site\/?page_id=5356","title":{"rendered":"Links Externos"},"content":{"rendered":"\t\t<div data-elementor-type=\"wp-page\" data-elementor-id=\"5356\" class=\"elementor elementor-5356\" data-elementor-settings=\"[]\">\n\t\t\t\t\t\t\t<div class=\"elementor-section-wrap\">\n\t\t\t\t\t\t\t<section class=\"elementor-section elementor-top-section elementor-element elementor-element-f2868da elementor-section-boxed elementor-section-height-default elementor-section-height-default\" data-id=\"f2868da\" data-element_type=\"section\">\n\t\t\t\t\t\t<div class=\"elementor-container elementor-column-gap-default\">\n\t\t\t\t\t<div class=\"elementor-column elementor-col-100 elementor-top-column elementor-element elementor-element-2be5223\" data-id=\"2be5223\" data-element_type=\"column\">\n\t\t\t<div class=\"elementor-widget-wrap elementor-element-populated\">\n\t\t\t\t\t\t\t\t<div class=\"elementor-element elementor-element-161d599 elementor-widget elementor-widget-text-editor\" data-id=\"161d599\" data-element_type=\"widget\" data-widget_type=\"text-editor.default\">\n\t\t\t\t<div class=\"elementor-widget-container\">\n\t\t\t\t\t\t\t\t<p><strong><span style=\"color: #008000;\">LINKS EXTERNOS<\/span><\/strong><br \/><em><strong><span style=\"color: #ff0000;\">\u00af\u00af\u00af\u00af\u00af\u00af\u00af\u00af\u00af\u00af\u00af\u00af\u00af\u00af\u00af<\/span><\/strong><\/em><\/p><ul><li><span style=\"color: #0000ff;\"><span style=\"color: #0000ff;\"><strong><span class=\"pageName\" style=\"color: #ff0000;\">Mercado<\/span><\/strong><em><strong><br \/><span class=\"subHeader\"><a style=\"color: #0000ff;\" href=\"http:\/\/www.bmf.com.br\/\" target=\"_blank\" rel=\"noopener\">BM&amp;F &#8211; Bolsa de Mercadorias &amp; Futuros<\/a><\/span><br \/><span class=\"subHeader\"><a style=\"color: #0000ff;\" href=\"http:\/\/www.cepea.esalq.usp.br\/\" target=\"_blank\" rel=\"noopener\">CEPEA<\/a><\/span><br \/><span class=\"subHeader\"><a style=\"color: #0000ff;\" href=\"http:\/\/www.fgv.com.br\/\" target=\"_blank\" rel=\"noopener\">FGV &#8211; Funda\u00e7\u00e3o Get\u00falio Vargas<\/a><\/span><\/strong><\/em><\/span><\/span><p>\u00a0<\/p><\/li><li><span style=\"color: #ff0000;\"><strong><span class=\"pageName\">Institui\u00e7\u00f5es<\/span><\/strong><\/span><br \/><span style=\"color: #0000ff;\"><em><strong><span class=\"subHeader\"><a style=\"color: #0000ff;\" href=\"http:\/\/www.alcopar.org.br\/\" target=\"_blank\" rel=\"noopener\">ALCOPAR &#8211; Assoc. dos Prod. de \u00c1lcool e A\u00e7\u00facar do Est. do PR<\/a><\/span><\/strong><\/em><\/span><br \/><span style=\"color: #0000ff;\"><em><strong><span class=\"subHeader\"><a style=\"color: #0000ff;\" href=\"http:\/\/www.faep.com.br\/consecana\" target=\"_blank\" rel=\"noopener\">FAEP &#8211; Consecana Paran\u00e1<\/a><\/span><\/strong><\/em><\/span><br \/><span style=\"color: #0000ff;\"><em><strong><span class=\"subHeader\"><a style=\"color: #0000ff;\" href=\"http:\/\/www.unica.com.br\/\" target=\"_blank\" rel=\"noopener\">UNICA &#8211; Uni\u00e3o da Agroind\u00fastria Canavieira de S\u00e3o Paulo<\/a><\/span><\/strong><\/em><\/span><br \/><span style=\"color: #0000ff;\"><span style=\"color: #0000ff;\"><em><strong><span class=\"subHeader\"><a style=\"color: #0000ff;\" href=\"http:\/\/www.udop.com.br\/\" target=\"_blank\" rel=\"noopener\">UDOP &#8211; Usinas e Destilarias do Oeste Paulista<\/a><\/span><\/strong><\/em><\/span><\/span><p>\u00a0<\/p><\/li><li><span style=\"color: #ff0000;\"><strong><span class=\"pageName\">Previd\u00eancia Social<\/span><\/strong><\/span><br \/><span style=\"color: #0000ff;\"><em><strong><span class=\"subHeader\"><a style=\"color: #0000ff;\" href=\"http:\/\/www.mpas.gov.br\/\" target=\"_blank\" rel=\"noopener\">INSS<\/a><\/span><\/strong><\/em><\/span><br \/><span style=\"color: #0000ff;\"><span style=\"color: #0000ff;\"><em><strong><span class=\"subHeader\"><a style=\"color: #0000ff;\" href=\"http:\/\/www.receita.fazenda.gov.br\/\" target=\"_blank\" rel=\"noopener\">Receita Federal<\/a><\/span><\/strong><\/em><\/span><\/span><p>\u00a0<\/p><\/li><li><span style=\"color: #ff0000;\"><strong><span class=\"pageName\">Previs\u00e3o Meteorol\u00f3gica<\/span><\/strong><\/span><br \/><span style=\"color: #0000ff;\"><em><strong><span class=\"subHeader\"><a style=\"color: #0000ff;\" href=\"http:\/\/www.climatempo.com.br\/previsao-do-tempo\/cidade\/2919\/saopedrodoivai-pr\" target=\"_blank\" rel=\"noopener\">Climatempo Meteorologia<\/a><\/span><\/strong><\/em><\/span><br \/><span style=\"color: #0000ff;\"><em><strong><span class=\"subHeader\"><a style=\"color: #0000ff;\" href=\"http:\/\/www.simepar.br\/tempo2\/previsao\/index.jsp?id=4125803\" target=\"_blank\" rel=\"noopener\">Simepar &#8211; Tecnologia e Informa\u00e7\u00f5es Ambientais<\/a><\/span><\/strong><\/em><\/span><br \/><span style=\"color: #0000ff;\"><span style=\"color: #0000ff;\"><em><strong><span class=\"subHeader\"><a style=\"color: #0000ff;\" href=\"http:\/\/www.cptec.inpe.br\/products\/previsao_tempo\/etaprevp.html\" target=\"_blank\" rel=\"noopener\">INPE &#8211; Instituto Nacional de Pesquisas Espaciais<\/a><\/span><\/strong><\/em><\/span><\/span><p>\u00a0<\/p><\/li><li><span style=\"color: #ff0000;\"><strong><span class=\"pageName\">Responsabilidade Social<\/span><\/strong><\/span><br \/><span style=\"color: #0000ff;\"><em><strong><span class=\"subHeader\"><a style=\"color: #0000ff;\" href=\"http:\/\/www.fundabrinq.org.br\/\" target=\"_blank\" rel=\"noopener\">FUNDABRINQ &#8211; Funda\u00e7\u00e3o Abrinq pelos Direitos da Crian\u00e7a e do Adolescente<\/a><\/span><\/strong><\/em><\/span><br \/><span style=\"color: #0000ff;\"><em><strong><span class=\"subHeader\"><a style=\"color: #0000ff;\" href=\"http:\/\/www.ibase.org.br\/\" target=\"_blank\" rel=\"noopener\">IBASE &#8211; Instituto Brasileiro de An\u00e1lises Sociais e Econ\u00f4micas<\/a><\/span><\/strong><\/em><\/span><br \/><span style=\"color: #0000ff;\"><span style=\"color: #0000ff;\"><em><strong><span class=\"subHeader\"><a style=\"color: #0000ff;\" href=\"http:\/\/www.voluntarios.com.br\/\" target=\"_blank\" rel=\"noopener\">VOLUNTARIADO &#8211; Campanha seja um volunt\u00e1rio<\/a><\/span><\/strong><\/em><\/span><\/span><p>\u00a0<\/p><\/li><li><span style=\"color: #ff0000;\"><strong><span class=\"pageName\">Servi\u00e7os<\/span><\/strong><\/span><br \/><span style=\"color: #0000ff;\"><em><strong><span class=\"subHeader\"><a style=\"color: #0000ff;\" href=\"http:\/\/www.pasaparanagua.com.br\/\" target=\"_blank\" rel=\"noopener\">PASA &#8211; Paran\u00e1 Opera\u00e7\u00f5es Portu\u00e1rias SA<\/a><\/span><\/strong><\/em><\/span><br \/><span style=\"color: #0000ff;\"><span style=\"color: #0000ff;\"><em><strong><span class=\"subHeader\"><a style=\"color: #0000ff;\" href=\"http:\/\/www.cpatrading.com.br\/\" target=\"_blank\" rel=\"noopener\">CPA Trading<\/a><\/span><\/strong><\/em><\/span><\/span><p>\u00a0<\/p><\/li><li><span style=\"color: #ff0000;\"><strong><span class=\"pageName\">Servi\u00e7os de Busca<\/span><\/strong><\/span><br \/><span style=\"color: #0000ff;\"><em><strong><span class=\"subHeader\"><a style=\"color: #0000ff;\" href=\"http:\/\/www.listasdaqui.com.br\/ass_serv_neg.htm\" target=\"_blank\" rel=\"noopener\">BrasilTelecom &#8211; 102 OnLine<\/a><\/span><\/strong><\/em><\/span><br \/><span style=\"color: #0000ff;\"><em><strong><span class=\"subHeader\"><a style=\"color: #0000ff;\" href=\"http:\/\/www.correios.com.br\/servicos\/cep\/Pesquisa_Log.cfm\" target=\"_blank\" rel=\"noopener\">Correios &#8211; Busca CEP<\/a><\/span><\/strong><\/em><\/span><br \/><span style=\"color: #0000ff;\"><span style=\"color: #0000ff;\"><em><strong><span class=\"subHeader\"><a style=\"color: #0000ff;\" href=\"http:\/\/www.google.com.br\/\" target=\"_blank\" rel=\"noopener\">Google Brasil &#8211; Sistema de Busca na Internet<\/a><\/span><\/strong><\/em><\/span><\/span><p>\u00a0<\/p><\/li><li><span style=\"color: #ff0000;\"><strong><span class=\"pageName\">Governo<\/span><\/strong><\/span><br \/><span style=\"color: #0000ff;\"><em><strong><span class=\"subHeader\"><a style=\"color: #0000ff;\" href=\"http:\/\/www.anp.gov.br\/\" target=\"_blank\" rel=\"noopener\">Ag\u00eancia Nacional do Petr\u00f3leo<\/a><\/span><\/strong><\/em><\/span><br \/><span style=\"color: #0000ff;\"><em><strong><span class=\"subHeader\"><a style=\"color: #0000ff;\" href=\"http:\/\/www.in.gov.br\/\" target=\"_blank\" rel=\"noopener\">Di\u00e1rio Oficial da Uni\u00e3o<\/a><\/span><\/strong><\/em><\/span><br \/><span style=\"color: #0000ff;\"><em><strong><span class=\"subHeader\"><a style=\"color: #0000ff;\" href=\"http:\/\/www.detran.pr.gov.br\/\" target=\"_blank\" rel=\"noopener\">DETRAN-PR<\/a><\/span><\/strong><\/em><\/span><\/li><\/ul>\t\t\t\t\t\t<\/div>\n\t\t\t\t<\/div>\n\t\t\t\t\t<\/div>\n\t\t<\/div>\n\t\t\t\t\t\t\t<\/div>\n\t\t<\/section>\n\t\t\t\t\t\t<\/div>\n\t\t\t\t\t<\/div>\n\t\t","protected":false},"excerpt":{"rendered":"<p>LINKS EXTERNOS\u00af\u00af\u00af\u00af\u00af\u00af\u00af\u00af\u00af\u00af\u00af\u00af\u00af\u00af\u00af MercadoBM&amp;F &#8211; Bolsa de Mercadorias &amp; FuturosCEPEAFGV &#8211; Funda\u00e7\u00e3o Get\u00falio Vargas \u00a0 Institui\u00e7\u00f5esALCOPAR &#8211; Assoc. dos Prod. de \u00c1lcool e A\u00e7\u00facar do Est. do PRFAEP &#8211; Consecana Paran\u00e1UNICA &#8211; Uni\u00e3o da Agroind\u00fastria Canavieira de S\u00e3o PauloUDOP &#8211; Usinas e Destilarias do Oeste Paulista \u00a0 Previd\u00eancia SocialINSSReceita Federal \u00a0 Previs\u00e3o Meteorol\u00f3gicaClimatempo MeteorologiaSimepar &#8211; Tecnologia &hellip;<\/p>\n<p class=\"read-more\"> <a class=\"\" href=\"http:\/\/www.valedoivai.com.br\/site\/?page_id=5356\"> <span class=\"screen-reader-text\">Links Externos<\/span> Leia mais &raquo;<\/a><\/p>\n","protected":false},"author":1,"featured_media":0,"parent":0,"menu_order":0,"comment_status":"closed","ping_status":"closed","template":"","meta":{"site-sidebar-layout":"no-sidebar","site-content-layout":"page-builder","ast-main-header-display":"","ast-hfb-above-header-display":"","ast-hfb-below-header-display":"","ast-hfb-mobile-header-display":"","site-post-title":"disabled","ast-breadcrumbs-content":"","ast-featured-img":"disabled","footer-sml-layout":"","theme-transparent-header-meta":"default","adv-header-id-meta":"","stick-header-meta":"","header-above-stick-meta":"","header-main-stick-meta":"","header-below-stick-meta":""},"_links":{"self":[{"href":"http:\/\/www.valedoivai.com.br\/site\/index.php?rest_route=\/wp\/v2\/pages\/5356"}],"collection":[{"href":"http:\/\/www.valedoivai.com.br\/site\/index.php?rest_route=\/wp\/v2\/pages"}],"about":[{"href":"http:\/\/www.valedoivai.com.br\/site\/index.php?rest_route=\/wp\/v2\/types\/page"}],"author":[{"embeddable":true,"href":"http:\/\/www.valedoivai.com.br\/site\/index.php?rest_route=\/wp\/v2\/users\/1"}],"replies":[{"embeddable":true,"href":"http:\/\/www.valedoivai.com.br\/site\/index.php?rest_route=%2Fwp%2Fv2%2Fcomments&post=5356"}],"version-history":[{"count":55,"href":"http:\/\/www.valedoivai.com.br\/site\/index.php?rest_route=\/wp\/v2\/pages\/5356\/revisions"}],"predecessor-version":[{"id":5810,"href":"http:\/\/www.valedoivai.com.br\/site\/index.php?rest_route=\/wp\/v2\/pages\/5356\/revisions\/5810"}],"wp:attachment":[{"href":"http:\/\/www.valedoivai.com.br\/site\/index.php?rest_route=%2Fwp%2Fv2%2Fmedia&parent=5356"}],"curies":[{"name":"wp","href":"https:\/\/api.w.org\/{rel}","templated":true}]}}