{"id":5385,"date":"2021-08-02T15:53:24","date_gmt":"2021-08-02T18:53:24","guid":{"rendered":"http:\/\/www.valedoivai.com.br\/site\/?page_id=5385"},"modified":"2021-08-04T17:42:38","modified_gmt":"2021-08-04T20:42:38","slug":"trabalhe-conosco","status":"publish","type":"page","link":"http:\/\/www.valedoivai.com.br\/site\/?page_id=5385","title":{"rendered":"Trabalhe Conosco"},"content":{"rendered":"\t\t<div data-elementor-type=\"wp-page\" data-elementor-id=\"5385\" class=\"elementor elementor-5385\" data-elementor-settings=\"[]\">\n\t\t\t\t\t\t\t<div class=\"elementor-section-wrap\">\n\t\t\t\t\t\t\t<section class=\"elementor-section elementor-top-section elementor-element elementor-element-e8dc5cd elementor-section-boxed elementor-section-height-default elementor-section-height-default\" data-id=\"e8dc5cd\" data-element_type=\"section\">\n\t\t\t\t\t\t<div class=\"elementor-container elementor-column-gap-default\">\n\t\t\t\t\t<div class=\"elementor-column elementor-col-100 elementor-top-column elementor-element elementor-element-8ffe934\" data-id=\"8ffe934\" data-element_type=\"column\">\n\t\t\t<div class=\"elementor-widget-wrap elementor-element-populated\">\n\t\t\t\t\t\t\t\t<div class=\"elementor-element elementor-element-0c6376d elementor-widget elementor-widget-text-editor\" data-id=\"0c6376d\" data-element_type=\"widget\" data-widget_type=\"text-editor.default\">\n\t\t\t\t<div class=\"elementor-widget-container\">\n\t\t\t\t\t\t\t\t<p><strong><span style=\"color: #008000;\">TRABALHE CONOSCO<\/span><br><span style=\"color: #ff0000;\">\u00af\u00af\u00af\u00af\u00af\u00af\u00af\u00af\u00af\u00af\u00af\u00af<\/span><\/strong><span style=\"font-weight: 700;\"><span style=\"color: rgb(255, 0, 0);\">\u00af<\/span><\/span><span style=\"color: rgb(255, 0, 0); font-weight: 700; font-size: 1rem;\">\u00af<\/span><span style=\"color: rgb(255, 0, 0); font-weight: 700; font-size: 1rem;\">\u00af<\/span><span style=\"color: rgb(255, 0, 0); font-weight: 700; font-size: 1rem;\">\u00af<\/span><span style=\"color: rgb(255, 0, 0); font-weight: 700; font-size: 1rem;\">\u00af<\/span><strong style=\"font-style: inherit;\"><span style=\"color: #ff0000;\">\u00af\u00af\u00af<\/span><\/strong><\/p>\n<p>Veja abaixo as vagas dispon\u00edveis.<\/p>\t\t\t\t\t\t<\/div>\n\t\t\t\t<\/div>\n\t\t\t\t\t<\/div>\n\t\t<\/div>\n\t\t\t\t\t\t\t<\/div>\n\t\t<\/section>\n\t\t\t\t<section class=\"elementor-section elementor-top-section elementor-element elementor-element-4c52869 elementor-section-boxed elementor-section-height-default elementor-section-height-default\" data-id=\"4c52869\" data-element_type=\"section\">\n\t\t\t\t\t\t<div class=\"elementor-container elementor-column-gap-default\">\n\t\t\t\t\t<div class=\"elementor-column elementor-col-100 elementor-top-column elementor-element elementor-element-8d8214f\" data-id=\"8d8214f\" data-element_type=\"column\">\n\t\t\t<div class=\"elementor-widget-wrap elementor-element-populated\">\n\t\t\t\t\t\t\t\t<div class=\"elementor-element elementor-element-640b3f4 elementor-tabs-view-horizontal elementor-widget elementor-widget-tabs\" data-id=\"640b3f4\" data-element_type=\"widget\" data-widget_type=\"tabs.default\">\n\t\t\t\t<div class=\"elementor-widget-container\">\n\t\t\t\t\t<div class=\"elementor-tabs\">\n\t\t\t<div class=\"elementor-tabs-wrapper\" role=\"tablist\" >\n\t\t\t\t\t\t\t\t\t<div id=\"elementor-tab-title-1041\" class=\"elementor-tab-title elementor-tab-desktop-title\" aria-selected=\"true\" data-tab=\"1\" role=\"tab\" tabindex=\"0\" aria-controls=\"elementor-tab-content-1041\" aria-expanded=\"false\">RENUKA VALE DO IVA\u00cd S\/A - UNIDADE S\u00c3O PEDRO DO IVA\u00cd<\/div>\n\t\t\t\t\t\t\t\t\t<div id=\"elementor-tab-title-1042\" class=\"elementor-tab-title elementor-tab-desktop-title\" aria-selected=\"false\" data-tab=\"2\" role=\"tab\" tabindex=\"-1\" aria-controls=\"elementor-tab-content-1042\" aria-expanded=\"false\">RENUKA VALE DO IVA\u00cd S\/A - UNIDADE CAMBU\u00cd<\/div>\n\t\t\t\t\t\t\t<\/div>\n\t\t\t<div class=\"elementor-tabs-content-wrapper\" role=\"tablist\" aria-orientation=\"vertical\">\n\t\t\t\t\t\t\t\t\t<div class=\"elementor-tab-title elementor-tab-mobile-title\" aria-selected=\"true\" data-tab=\"1\" role=\"tab\" tabindex=\"0\" aria-controls=\"elementor-tab-content-1041\" aria-expanded=\"false\">RENUKA VALE DO IVA\u00cd S\/A - UNIDADE S\u00c3O PEDRO DO IVA\u00cd<\/div>\n\t\t\t\t\t<div id=\"elementor-tab-content-1041\" class=\"elementor-tab-content elementor-clearfix\" data-tab=\"1\" role=\"tabpanel\" aria-labelledby=\"elementor-tab-title-1041\" tabindex=\"0\" hidden=\"false\"><p>No momento n\u00e3o temos nenhuma vaga dispon\u00edvel.<\/p><p>Envie seu curr\u00edculo para: valedoivai@valedoivai.com.br<\/p><p>\u00a0<\/p><\/div>\n\t\t\t\t\t\t\t\t\t<div class=\"elementor-tab-title elementor-tab-mobile-title\" aria-selected=\"false\" data-tab=\"2\" role=\"tab\" tabindex=\"-1\" aria-controls=\"elementor-tab-content-1042\" aria-expanded=\"false\">RENUKA VALE DO IVA\u00cd S\/A - UNIDADE CAMBU\u00cd<\/div>\n\t\t\t\t\t<div id=\"elementor-tab-content-1042\" class=\"elementor-tab-content elementor-clearfix\" data-tab=\"2\" role=\"tabpanel\" aria-labelledby=\"elementor-tab-title-1042\" tabindex=\"0\" hidden=\"hidden\"><p><span style=\"font-style: inherit; font-weight: inherit;\">No momento n\u00e3o temos nenhuma vaga dispon\u00edvel.<\/span><\/p><p style=\"font-size: 16px;\">Envie seu curr\u00edculo para: valedoivai@valedoivai.com.br<\/p><p style=\"font-size: 16px;\">\u00a0<\/p><\/div>\n\t\t\t\t\t\t\t<\/div>\n\t\t<\/div>\n\t\t\t\t<\/div>\n\t\t\t\t<\/div>\n\t\t\t\t\t<\/div>\n\t\t<\/div>\n\t\t\t\t\t\t\t<\/div>\n\t\t<\/section>\n\t\t\t\t\t\t<\/div>\n\t\t\t\t\t<\/div>\n\t\t","protected":false},"excerpt":{"rendered":"<p>TRABALHE CONOSCO\u00af\u00af\u00af\u00af\u00af\u00af\u00af\u00af\u00af\u00af\u00af\u00af\u00af\u00af\u00af\u00af\u00af\u00af\u00af\u00af Veja abaixo as vagas dispon\u00edveis. RENUKA VALE DO IVA\u00cd S\/A &#8211; UNIDADE S\u00c3O PEDRO DO IVA\u00cd RENUKA VALE DO IVA\u00cd S\/A &#8211; UNIDADE CAMBU\u00cd RENUKA VALE DO IVA\u00cd S\/A &#8211; UNIDADE S\u00c3O PEDRO DO IVA\u00cd No momento n\u00e3o temos nenhuma vaga dispon\u00edvel. Envie seu curr\u00edculo para: valedoivai@valedoivai.com.br \u00a0 RENUKA VALE DO IVA\u00cd S\/A &hellip;<\/p>\n<p class=\"read-more\"> <a class=\"\" href=\"http:\/\/www.valedoivai.com.br\/site\/?page_id=5385\"> <span class=\"screen-reader-text\">Trabalhe Conosco<\/span> Leia mais &raquo;<\/a><\/p>\n","protected":false},"author":1,"featured_media":0,"parent":0,"menu_order":0,"comment_status":"closed","ping_status":"closed","template":"","meta":{"site-sidebar-layout":"no-sidebar","site-content-layout":"page-builder","ast-main-header-display":"","ast-hfb-above-header-display":"","ast-hfb-below-header-display":"","ast-hfb-mobile-header-display":"","site-post-title":"disabled","ast-breadcrumbs-content":"","ast-featured-img":"disabled","footer-sml-layout":"","theme-transparent-header-meta":"default","adv-header-id-meta":"","stick-header-meta":"","header-above-stick-meta":"","header-main-stick-meta":"","header-below-stick-meta":""},"_links":{"self":[{"href":"http:\/\/www.valedoivai.com.br\/site\/index.php?rest_route=\/wp\/v2\/pages\/5385"}],"collection":[{"href":"http:\/\/www.valedoivai.com.br\/site\/index.php?rest_route=\/wp\/v2\/pages"}],"about":[{"href":"http:\/\/www.valedoivai.com.br\/site\/index.php?rest_route=\/wp\/v2\/types\/page"}],"author":[{"embeddable":true,"href":"http:\/\/www.valedoivai.com.br\/site\/index.php?rest_route=\/wp\/v2\/users\/1"}],"replies":[{"embeddable":true,"href":"http:\/\/www.valedoivai.com.br\/site\/index.php?rest_route=%2Fwp%2Fv2%2Fcomments&post=5385"}],"version-history":[{"count":22,"href":"http:\/\/www.valedoivai.com.br\/site\/index.php?rest_route=\/wp\/v2\/pages\/5385\/revisions"}],"predecessor-version":[{"id":5708,"href":"http:\/\/www.valedoivai.com.br\/site\/index.php?rest_route=\/wp\/v2\/pages\/5385\/revisions\/5708"}],"wp:attachment":[{"href":"http:\/\/www.valedoivai.com.br\/site\/index.php?rest_route=%2Fwp%2Fv2%2Fmedia&parent=5385"}],"curies":[{"name":"wp","href":"https:\/\/api.w.org\/{rel}","templated":true}]}}